{"id":171,"date":"2021-02-26T11:55:50","date_gmt":"2021-02-26T10:55:50","guid":{"rendered":"https:\/\/www.autenticoraf.com\/?post_type=product&#038;p=171"},"modified":"2025-03-16T02:28:40","modified_gmt":"2025-03-16T01:28:40","slug":"donde-comprar-autentico-raf-chocolate","status":"publish","type":"product","link":"https:\/\/www.autenticoraf.com\/index.php\/producto\/donde-comprar-autentico-raf-chocolate\/","title":{"rendered":"Tomate raf chocoleit"},"content":{"rendered":"<h1>Aqu\u00ed podemos comprar el autentico tomate raf chocolate<\/h1>\n<h1 style=\"text-align: left;\">\u00bf Donde Comprar el autentico raf chocolate?<\/h1>\n<p style=\"text-align: left;\">Aqu\u00ed tenemos una marca creada con mucho esfuerzo, con la mejor selecci\u00f3n escogidos uno a uno para obtener la excelencia.<\/p>\n<h2 style=\"text-align: left;\">Propiedades del autentico tomate Raf chocolate<\/h2>\n<p style=\"text-align: left;\">Es principal en nuestra dieta, la dieta mediterr\u00e1nea.<strong style=\"font-style: inherit;\">\u00a0Consumido en diferentes recetas aqu\u00ed os dejo con un surtido de <a href=\"https:\/\/www.autenticoraf.com\/index.php\/recetas\/\">recetas<\/a><\/strong><\/p>\n<p style=\"text-align: left;\">Al no cocinarlo (crudo) no s\u00e9 pierden sus beneficios, as\u00ed que as\u00ed es de la manera mas sana de comerlo.<\/p>\n<p style=\"text-align: left;\">Esto evita que su contenido en minerales y vitaminas decaiga, haciendo que, las\u00a0<strong style=\"font-style: inherit;\">propiedades del tomate Raf<\/strong>\u00a0sean las siguientes:<\/p>\n<ul>\n<li style=\"text-align: left;\">Diur\u00e9ticas. Alto contenido en potasio y bajo en sodio evitando la retenci\u00f3n de l\u00edquidos .<\/li>\n<li style=\"text-align: left;\">Evita el estre\u00f1imiento y eso favorece a los \u00f3rganos gastrointestinales<\/li>\n<li style=\"text-align: left;\">Beneficiosas para la hipertensi\u00f3n. Mejora la circulaci\u00f3n sangu\u00ednea, asi como la vitamina k que ayuda a que la sangre no se coagule.<\/li>\n<li style=\"text-align: left;\">Reguladoras del colesterol y estimulantes<\/li>\n<li style=\"text-align: left;\">Proteje los tejidos de la epidermis. Cuida la piel con sus propiedades antioxidantes<\/li>\n<li style=\"text-align: left;\">Mejora de la vida de los \u00f3rganos vitales.<\/li>\n<\/ul>\n","protected":false},"excerpt":{"rendered":"<p>Autentico tomate raf chocolate, autentico para su paladar.<strong> Portes Incluidos en pen\u00ednsula y Portugal.<\/strong><\/p>\n","protected":false},"featured_media":234,"comment_status":"open","ping_status":"closed","template":"","meta":{"site-sidebar-layout":"default","site-content-layout":"default","ast-site-content-layout":"default","site-content-style":"default","site-sidebar-style":"default","ast-global-header-display":"","ast-banner-title-visibility":"","ast-main-header-display":"","ast-hfb-above-header-display":"","ast-hfb-below-header-display":"","ast-hfb-mobile-header-display":"","site-post-title":"","ast-breadcrumbs-content":"","ast-featured-img":"","footer-sml-layout":"","theme-transparent-header-meta":"default","adv-header-id-meta":"","stick-header-meta":"","header-above-stick-meta":"","header-main-stick-meta":"","header-below-stick-meta":"","astra-migrate-meta-layouts":"default","ast-page-background-enabled":"default","ast-page-background-meta":{"desktop":{"background-color":"","background-image":"","background-repeat":"repeat","background-position":"center center","background-size":"auto","background-attachment":"scroll","background-type":"","background-media":"","overlay-type":"","overlay-color":"","overlay-opacity":"","overlay-gradient":""},"tablet":{"background-color":"","background-image":"","background-repeat":"repeat","background-position":"center center","background-size":"auto","background-attachment":"scroll","background-type":"","background-media":"","overlay-type":"","overlay-color":"","overlay-opacity":"","overlay-gradient":""},"mobile":{"background-color":"","background-image":"","background-repeat":"repeat","background-position":"center center","background-size":"auto","background-attachment":"scroll","background-type":"","background-media":"","overlay-type":"","overlay-color":"","overlay-opacity":"","overlay-gradient":""}},"ast-content-background-meta":{"desktop":{"background-color":"var(--ast-global-color-5)","background-image":"","background-repeat":"repeat","background-position":"center center","background-size":"auto","background-attachment":"scroll","background-type":"","background-media":"","overlay-type":"","overlay-color":"","overlay-opacity":"","overlay-gradient":""},"tablet":{"background-color":"var(--ast-global-color-5)","background-image":"","background-repeat":"repeat","background-position":"center center","background-size":"auto","background-attachment":"scroll","background-type":"","background-media":"","overlay-type":"","overlay-color":"","overlay-opacity":"","overlay-gradient":""},"mobile":{"background-color":"var(--ast-global-color-5)","background-image":"","background-repeat":"repeat","background-position":"center center","background-size":"auto","background-attachment":"scroll","background-type":"","background-media":"","overlay-type":"","overlay-color":"","overlay-opacity":"","overlay-gradient":""}},"_joinchat":[]},"product_brand":[],"product_cat":[17],"product_tag":[],"class_list":{"0":"post-171","1":"product","2":"type-product","3":"status-publish","4":"has-post-thumbnail","6":"product_cat-comprar-el-mejor-tomate-raf-online","7":"desktop-align-left","8":"tablet-align-left","9":"mobile-align-left","11":"first","12":"outofstock","13":"sale","14":"shipping-taxable","15":"purchasable","16":"product-type-variable"},"jetpack_sharing_enabled":true,"_links":{"self":[{"href":"https:\/\/www.autenticoraf.com\/index.php\/wp-json\/wp\/v2\/product\/171","targetHints":{"allow":["GET"]}}],"collection":[{"href":"https:\/\/www.autenticoraf.com\/index.php\/wp-json\/wp\/v2\/product"}],"about":[{"href":"https:\/\/www.autenticoraf.com\/index.php\/wp-json\/wp\/v2\/types\/product"}],"replies":[{"embeddable":true,"href":"https:\/\/www.autenticoraf.com\/index.php\/wp-json\/wp\/v2\/comments?post=171"}],"wp:featuredmedia":[{"embeddable":true,"href":"https:\/\/www.autenticoraf.com\/index.php\/wp-json\/wp\/v2\/media\/234"}],"wp:attachment":[{"href":"https:\/\/www.autenticoraf.com\/index.php\/wp-json\/wp\/v2\/media?parent=171"}],"wp:term":[{"taxonomy":"product_brand","embeddable":true,"href":"https:\/\/www.autenticoraf.com\/index.php\/wp-json\/wp\/v2\/product_brand?post=171"},{"taxonomy":"product_cat","embeddable":true,"href":"https:\/\/www.autenticoraf.com\/index.php\/wp-json\/wp\/v2\/product_cat?post=171"},{"taxonomy":"product_tag","embeddable":true,"href":"https:\/\/www.autenticoraf.com\/index.php\/wp-json\/wp\/v2\/product_tag?post=171"}],"curies":[{"name":"wp","href":"https:\/\/api.w.org\/{rel}","templated":true}]}}