{"id":238,"date":"2021-02-28T20:25:36","date_gmt":"2021-02-28T19:25:36","guid":{"rendered":"https:\/\/www.autenticoraf.com\/?post_type=product&#038;p=238"},"modified":"2025-04-26T23:04:40","modified_gmt":"2025-04-26T21:04:40","slug":"tomate-raf-delicias","status":"publish","type":"product","link":"https:\/\/www.autenticoraf.com\/index.php\/producto\/tomate-raf-delicias\/","title":{"rendered":"Autentico tomate raf delicias"},"content":{"rendered":"<h1>Aqu\u00ed podemos comprar el autentico tomate raf delicias<\/h1>\n<h2>\u00bf Donde Comprar online?<\/h2>\n<p>Aqu\u00ed tenemos la mejor variedad de productos para amantes del tomate raf. Es una explosi\u00f3n de sabor en la boca, son un poco mas uniformes que el autentico tomate raf pero su calidad hacen que sean un producto premium.<\/p>\n<h3>Propiedades del tomate Raf delicias<\/h3>\n<p>Es principal en nuestra dieta, la dieta mediterr\u00e1nea.<strong>\u00a0Consumido en diferentes recetas aqu\u00ed os dejo con un surtido de\u00a0<a href=\"https:\/\/www.autenticoraf.com\/index.php\/recetas\/\">recetas<\/a><\/strong><\/p>\n<p>Al no cocinarlo (crudo) no s\u00e9 pierden sus beneficios, as\u00ed que as\u00ed es de la manera mas sana de comerlo.<\/p>\n<p>Esto evita que su contenido en minerales y vitaminas decaiga, haciendo que, las\u00a0<strong>propiedades del tomate Raf<\/strong>\u00a0sean las siguientes:<\/p>\n<ul>\n<li>Diur\u00e9ticas. Alto contenido en potasio y bajo en sodio evitando la retenci\u00f3n de l\u00edquidos .<\/li>\n<li>Evita el estre\u00f1imiento y eso favorece a los \u00f3rganos gastrointestinales<\/li>\n<li>Beneficiosas para la hipertensi\u00f3n. Mejora la circulaci\u00f3n sangu\u00ednea, asi como la vitamina k que ayuda a que la sangre no se coagule.<\/li>\n<li>Reguladoras del colesterol y estimulantes<\/li>\n<li>Proteje los tejidos de la epidermis. Cuida la piel con sus propiedades antioxidantes<\/li>\n<li>Mejora de la vida de los \u00f3rganos vitales.<\/li>\n<\/ul>\n","protected":false},"excerpt":{"rendered":"<p>El autentico tomate raf delicias online de Almer\u00eda, con el mejor pecio y puesto en tu casa. <strong>Portes incluidos en peninsula y Portugal.<\/strong><\/p>\n","protected":false},"featured_media":233,"comment_status":"open","ping_status":"closed","template":"","meta":{"site-sidebar-layout":"default","site-content-layout":"default","ast-site-content-layout":"default","site-content-style":"default","site-sidebar-style":"default","ast-global-header-display":"","ast-banner-title-visibility":"","ast-main-header-display":"","ast-hfb-above-header-display":"","ast-hfb-below-header-display":"","ast-hfb-mobile-header-display":"","site-post-title":"","ast-breadcrumbs-content":"","ast-featured-img":"","footer-sml-layout":"","theme-transparent-header-meta":"default","adv-header-id-meta":"","stick-header-meta":"","header-above-stick-meta":"","header-main-stick-meta":"","header-below-stick-meta":"","astra-migrate-meta-layouts":"default","ast-page-background-enabled":"default","ast-page-background-meta":{"desktop":{"background-color":"","background-image":"","background-repeat":"repeat","background-position":"center center","background-size":"auto","background-attachment":"scroll","background-type":"","background-media":"","overlay-type":"","overlay-color":"","overlay-opacity":"","overlay-gradient":""},"tablet":{"background-color":"","background-image":"","background-repeat":"repeat","background-position":"center center","background-size":"auto","background-attachment":"scroll","background-type":"","background-media":"","overlay-type":"","overlay-color":"","overlay-opacity":"","overlay-gradient":""},"mobile":{"background-color":"","background-image":"","background-repeat":"repeat","background-position":"center center","background-size":"auto","background-attachment":"scroll","background-type":"","background-media":"","overlay-type":"","overlay-color":"","overlay-opacity":"","overlay-gradient":""}},"ast-content-background-meta":{"desktop":{"background-color":"var(--ast-global-color-5)","background-image":"","background-repeat":"repeat","background-position":"center center","background-size":"auto","background-attachment":"scroll","background-type":"","background-media":"","overlay-type":"","overlay-color":"","overlay-opacity":"","overlay-gradient":""},"tablet":{"background-color":"var(--ast-global-color-5)","background-image":"","background-repeat":"repeat","background-position":"center center","background-size":"auto","background-attachment":"scroll","background-type":"","background-media":"","overlay-type":"","overlay-color":"","overlay-opacity":"","overlay-gradient":""},"mobile":{"background-color":"var(--ast-global-color-5)","background-image":"","background-repeat":"repeat","background-position":"center center","background-size":"auto","background-attachment":"scroll","background-type":"","background-media":"","overlay-type":"","overlay-color":"","overlay-opacity":"","overlay-gradient":""}},"_joinchat":[]},"product_brand":[],"product_cat":[17],"product_tag":[],"class_list":{"0":"post-238","1":"product","2":"type-product","3":"status-publish","4":"has-post-thumbnail","6":"product_cat-comprar-el-mejor-tomate-raf-online","7":"desktop-align-left","8":"tablet-align-left","9":"mobile-align-left","11":"first","12":"outofstock","13":"sale","14":"shipping-taxable","15":"purchasable","16":"product-type-variable"},"jetpack_sharing_enabled":true,"_links":{"self":[{"href":"https:\/\/www.autenticoraf.com\/index.php\/wp-json\/wp\/v2\/product\/238","targetHints":{"allow":["GET"]}}],"collection":[{"href":"https:\/\/www.autenticoraf.com\/index.php\/wp-json\/wp\/v2\/product"}],"about":[{"href":"https:\/\/www.autenticoraf.com\/index.php\/wp-json\/wp\/v2\/types\/product"}],"replies":[{"embeddable":true,"href":"https:\/\/www.autenticoraf.com\/index.php\/wp-json\/wp\/v2\/comments?post=238"}],"wp:featuredmedia":[{"embeddable":true,"href":"https:\/\/www.autenticoraf.com\/index.php\/wp-json\/wp\/v2\/media\/233"}],"wp:attachment":[{"href":"https:\/\/www.autenticoraf.com\/index.php\/wp-json\/wp\/v2\/media?parent=238"}],"wp:term":[{"taxonomy":"product_brand","embeddable":true,"href":"https:\/\/www.autenticoraf.com\/index.php\/wp-json\/wp\/v2\/product_brand?post=238"},{"taxonomy":"product_cat","embeddable":true,"href":"https:\/\/www.autenticoraf.com\/index.php\/wp-json\/wp\/v2\/product_cat?post=238"},{"taxonomy":"product_tag","embeddable":true,"href":"https:\/\/www.autenticoraf.com\/index.php\/wp-json\/wp\/v2\/product_tag?post=238"}],"curies":[{"name":"wp","href":"https:\/\/api.w.org\/{rel}","templated":true}]}}